{"id":164,"date":"2021-05-20T05:18:44","date_gmt":"2021-05-20T05:18:44","guid":{"rendered":"https:\/\/selgroog.ee\/dev\/miks-see-oluline-on\/"},"modified":"2023-05-30T05:28:32","modified_gmt":"2023-05-30T05:28:32","slug":"%d0%bf%d0%be%d1%87%d0%b5%d0%bc%d1%83-%d1%8d%d1%82%d0%be-%d0%b2%d0%b0%d0%b6%d0%bd%d0%be","status":"publish","type":"page","link":"https:\/\/selgroog.ee\/ru\/%d0%bf%d0%be%d1%87%d0%b5%d0%bc%d1%83-%d1%8d%d1%82%d0%be-%d0%b2%d0%b0%d0%b6%d0%bd%d0%be\/","title":{"rendered":"\u041f\u043e\u0447\u0435\u043c\u0443 \u044d\u0442\u043e \u0432\u0430\u0436\u043d\u043e?"},"content":{"rendered":"","protected":false},"excerpt":{"rendered":"","protected":false},"author":1,"featured_media":103,"parent":0,"menu_order":0,"comment_status":"closed","ping_status":"closed","template":"","meta":{"footnotes":""},"class_list":["post-164","page","type-page","status-publish","has-post-thumbnail","hentry"],"yoast_head":"<!-- This site is optimized with the Yoast SEO plugin v23.3 - https:\/\/yoast.com\/wordpress\/plugins\/seo\/ -->\n<title>\u041f\u043e\u0447\u0435\u043c\u0443 \u044d\u0442\u043e \u0432\u0430\u0436\u043d\u043e? - Kontrolli oma selgroogu<\/title>\n<meta name=\"robots\" content=\"index, follow, max-snippet:-1, max-image-preview:large, max-video-preview:-1\" \/>\n<link rel=\"canonical\" href=\"https:\/\/selgroog.ee\/ru\/%d0%bf%d0%be%d1%87%d0%b5%d0%bc%d1%83-%d1%8d%d1%82%d0%be-%d0%b2%d0%b0%d0%b6%d0%bd%d0%be\/\" \/>\n<meta property=\"og:locale\" content=\"ru_RU\" \/>\n<meta property=\"og:type\" content=\"article\" \/>\n<meta property=\"og:title\" content=\"\u041f\u043e\u0447\u0435\u043c\u0443 \u044d\u0442\u043e \u0432\u0430\u0436\u043d\u043e? - Kontrolli oma selgroogu\" \/>\n<meta property=\"og:url\" content=\"https:\/\/selgroog.ee\/ru\/%d0%bf%d0%be%d1%87%d0%b5%d0%bc%d1%83-%d1%8d%d1%82%d0%be-%d0%b2%d0%b0%d0%b6%d0%bd%d0%be\/\" \/>\n<meta property=\"og:site_name\" content=\"Kontrolli oma selgroogu\" \/>\n<meta property=\"article:modified_time\" content=\"2023-05-30T05:28:32+00:00\" \/>\n<meta property=\"og:image\" content=\"https:\/\/selgroog.ee\/wp-content\/uploads\/2021\/05\/OG-pilt.png\" \/>\n\t<meta property=\"og:image:width\" content=\"1200\" \/>\n\t<meta property=\"og:image:height\" content=\"630\" \/>\n\t<meta property=\"og:image:type\" content=\"image\/png\" \/>\n<meta name=\"twitter:card\" content=\"summary_large_image\" \/>\n<script type=\"application\/ld+json\" class=\"yoast-schema-graph\">{\"@context\":\"https:\/\/schema.org\",\"@graph\":[{\"@type\":\"WebPage\",\"@id\":\"https:\/\/selgroog.ee\/ru\/%d0%bf%d0%be%d1%87%d0%b5%d0%bc%d1%83-%d1%8d%d1%82%d0%be-%d0%b2%d0%b0%d0%b6%d0%bd%d0%be\/\",\"url\":\"https:\/\/selgroog.ee\/ru\/%d0%bf%d0%be%d1%87%d0%b5%d0%bc%d1%83-%d1%8d%d1%82%d0%be-%d0%b2%d0%b0%d0%b6%d0%bd%d0%be\/\",\"name\":\"\u041f\u043e\u0447\u0435\u043c\u0443 \u044d\u0442\u043e \u0432\u0430\u0436\u043d\u043e? - Kontrolli oma selgroogu\",\"isPartOf\":{\"@id\":\"https:\/\/selgroog.ee\/ru\/#website\"},\"primaryImageOfPage\":{\"@id\":\"https:\/\/selgroog.ee\/ru\/%d0%bf%d0%be%d1%87%d0%b5%d0%bc%d1%83-%d1%8d%d1%82%d0%be-%d0%b2%d0%b0%d0%b6%d0%bd%d0%be\/#primaryimage\"},\"image\":{\"@id\":\"https:\/\/selgroog.ee\/ru\/%d0%bf%d0%be%d1%87%d0%b5%d0%bc%d1%83-%d1%8d%d1%82%d0%be-%d0%b2%d0%b0%d0%b6%d0%bd%d0%be\/#primaryimage\"},\"thumbnailUrl\":\"https:\/\/selgroog.ee\/wp-content\/uploads\/2021\/05\/OG-pilt.png\",\"datePublished\":\"2021-05-20T05:18:44+00:00\",\"dateModified\":\"2023-05-30T05:28:32+00:00\",\"breadcrumb\":{\"@id\":\"https:\/\/selgroog.ee\/ru\/%d0%bf%d0%be%d1%87%d0%b5%d0%bc%d1%83-%d1%8d%d1%82%d0%be-%d0%b2%d0%b0%d0%b6%d0%bd%d0%be\/#breadcrumb\"},\"inLanguage\":\"ru-RU\",\"potentialAction\":[{\"@type\":\"ReadAction\",\"target\":[\"https:\/\/selgroog.ee\/ru\/%d0%bf%d0%be%d1%87%d0%b5%d0%bc%d1%83-%d1%8d%d1%82%d0%be-%d0%b2%d0%b0%d0%b6%d0%bd%d0%be\/\"]}]},{\"@type\":\"ImageObject\",\"inLanguage\":\"ru-RU\",\"@id\":\"https:\/\/selgroog.ee\/ru\/%d0%bf%d0%be%d1%87%d0%b5%d0%bc%d1%83-%d1%8d%d1%82%d0%be-%d0%b2%d0%b0%d0%b6%d0%bd%d0%be\/#primaryimage\",\"url\":\"https:\/\/selgroog.ee\/wp-content\/uploads\/2021\/05\/OG-pilt.png\",\"contentUrl\":\"https:\/\/selgroog.ee\/wp-content\/uploads\/2021\/05\/OG-pilt.png\",\"width\":1200,\"height\":630},{\"@type\":\"BreadcrumbList\",\"@id\":\"https:\/\/selgroog.ee\/ru\/%d0%bf%d0%be%d1%87%d0%b5%d0%bc%d1%83-%d1%8d%d1%82%d0%be-%d0%b2%d0%b0%d0%b6%d0%bd%d0%be\/#breadcrumb\",\"itemListElement\":[{\"@type\":\"ListItem\",\"position\":1,\"name\":\"Home\",\"item\":\"https:\/\/selgroog.ee\/ru\/\"},{\"@type\":\"ListItem\",\"position\":2,\"name\":\"\u041f\u043e\u0447\u0435\u043c\u0443 \u044d\u0442\u043e \u0432\u0430\u0436\u043d\u043e?\"}]},{\"@type\":\"WebSite\",\"@id\":\"https:\/\/selgroog.ee\/ru\/#website\",\"url\":\"https:\/\/selgroog.ee\/ru\/\",\"name\":\"Kontrolli oma selgroogu\",\"description\":\"Eestis hukkub igal aastal \u00fcle 20 joobes liikleja. See arv saaks palju v\u00e4iksem olla, kui rohkem inimesi n\u00e4itaks selgroogu ja sekkuks, enne kui hilja.\",\"publisher\":{\"@id\":\"https:\/\/selgroog.ee\/ru\/#organization\"},\"potentialAction\":[{\"@type\":\"SearchAction\",\"target\":{\"@type\":\"EntryPoint\",\"urlTemplate\":\"https:\/\/selgroog.ee\/ru\/?s={search_term_string}\"},\"query-input\":\"required name=search_term_string\"}],\"inLanguage\":\"ru-RU\"},{\"@type\":\"Organization\",\"@id\":\"https:\/\/selgroog.ee\/ru\/#organization\",\"name\":\"Kontrolli oma selgroogu\",\"url\":\"https:\/\/selgroog.ee\/ru\/\",\"logo\":{\"@type\":\"ImageObject\",\"inLanguage\":\"ru-RU\",\"@id\":\"https:\/\/selgroog.ee\/ru\/#\/schema\/logo\/image\/\",\"url\":\"https:\/\/selgroog.ee\/wp-content\/uploads\/2021\/05\/designHere.png\",\"contentUrl\":\"https:\/\/selgroog.ee\/wp-content\/uploads\/2021\/05\/designHere.png\",\"width\":540,\"height\":540,\"caption\":\"Kontrolli oma selgroogu\"},\"image\":{\"@id\":\"https:\/\/selgroog.ee\/ru\/#\/schema\/logo\/image\/\"}}]}<\/script>\n<!-- \/ Yoast SEO plugin. -->","yoast_head_json":{"title":"\u041f\u043e\u0447\u0435\u043c\u0443 \u044d\u0442\u043e \u0432\u0430\u0436\u043d\u043e? - Kontrolli oma selgroogu","robots":{"index":"index","follow":"follow","max-snippet":"max-snippet:-1","max-image-preview":"max-image-preview:large","max-video-preview":"max-video-preview:-1"},"canonical":"https:\/\/selgroog.ee\/ru\/%d0%bf%d0%be%d1%87%d0%b5%d0%bc%d1%83-%d1%8d%d1%82%d0%be-%d0%b2%d0%b0%d0%b6%d0%bd%d0%be\/","og_locale":"ru_RU","og_type":"article","og_title":"\u041f\u043e\u0447\u0435\u043c\u0443 \u044d\u0442\u043e \u0432\u0430\u0436\u043d\u043e? - Kontrolli oma selgroogu","og_url":"https:\/\/selgroog.ee\/ru\/%d0%bf%d0%be%d1%87%d0%b5%d0%bc%d1%83-%d1%8d%d1%82%d0%be-%d0%b2%d0%b0%d0%b6%d0%bd%d0%be\/","og_site_name":"Kontrolli oma selgroogu","article_modified_time":"2023-05-30T05:28:32+00:00","og_image":[{"width":1200,"height":630,"url":"https:\/\/selgroog.ee\/wp-content\/uploads\/2021\/05\/OG-pilt.png","type":"image\/png"}],"twitter_card":"summary_large_image","schema":{"@context":"https:\/\/schema.org","@graph":[{"@type":"WebPage","@id":"https:\/\/selgroog.ee\/ru\/%d0%bf%d0%be%d1%87%d0%b5%d0%bc%d1%83-%d1%8d%d1%82%d0%be-%d0%b2%d0%b0%d0%b6%d0%bd%d0%be\/","url":"https:\/\/selgroog.ee\/ru\/%d0%bf%d0%be%d1%87%d0%b5%d0%bc%d1%83-%d1%8d%d1%82%d0%be-%d0%b2%d0%b0%d0%b6%d0%bd%d0%be\/","name":"\u041f\u043e\u0447\u0435\u043c\u0443 \u044d\u0442\u043e \u0432\u0430\u0436\u043d\u043e? - Kontrolli oma selgroogu","isPartOf":{"@id":"https:\/\/selgroog.ee\/ru\/#website"},"primaryImageOfPage":{"@id":"https:\/\/selgroog.ee\/ru\/%d0%bf%d0%be%d1%87%d0%b5%d0%bc%d1%83-%d1%8d%d1%82%d0%be-%d0%b2%d0%b0%d0%b6%d0%bd%d0%be\/#primaryimage"},"image":{"@id":"https:\/\/selgroog.ee\/ru\/%d0%bf%d0%be%d1%87%d0%b5%d0%bc%d1%83-%d1%8d%d1%82%d0%be-%d0%b2%d0%b0%d0%b6%d0%bd%d0%be\/#primaryimage"},"thumbnailUrl":"https:\/\/selgroog.ee\/wp-content\/uploads\/2021\/05\/OG-pilt.png","datePublished":"2021-05-20T05:18:44+00:00","dateModified":"2023-05-30T05:28:32+00:00","breadcrumb":{"@id":"https:\/\/selgroog.ee\/ru\/%d0%bf%d0%be%d1%87%d0%b5%d0%bc%d1%83-%d1%8d%d1%82%d0%be-%d0%b2%d0%b0%d0%b6%d0%bd%d0%be\/#breadcrumb"},"inLanguage":"ru-RU","potentialAction":[{"@type":"ReadAction","target":["https:\/\/selgroog.ee\/ru\/%d0%bf%d0%be%d1%87%d0%b5%d0%bc%d1%83-%d1%8d%d1%82%d0%be-%d0%b2%d0%b0%d0%b6%d0%bd%d0%be\/"]}]},{"@type":"ImageObject","inLanguage":"ru-RU","@id":"https:\/\/selgroog.ee\/ru\/%d0%bf%d0%be%d1%87%d0%b5%d0%bc%d1%83-%d1%8d%d1%82%d0%be-%d0%b2%d0%b0%d0%b6%d0%bd%d0%be\/#primaryimage","url":"https:\/\/selgroog.ee\/wp-content\/uploads\/2021\/05\/OG-pilt.png","contentUrl":"https:\/\/selgroog.ee\/wp-content\/uploads\/2021\/05\/OG-pilt.png","width":1200,"height":630},{"@type":"BreadcrumbList","@id":"https:\/\/selgroog.ee\/ru\/%d0%bf%d0%be%d1%87%d0%b5%d0%bc%d1%83-%d1%8d%d1%82%d0%be-%d0%b2%d0%b0%d0%b6%d0%bd%d0%be\/#breadcrumb","itemListElement":[{"@type":"ListItem","position":1,"name":"Home","item":"https:\/\/selgroog.ee\/ru\/"},{"@type":"ListItem","position":2,"name":"\u041f\u043e\u0447\u0435\u043c\u0443 \u044d\u0442\u043e \u0432\u0430\u0436\u043d\u043e?"}]},{"@type":"WebSite","@id":"https:\/\/selgroog.ee\/ru\/#website","url":"https:\/\/selgroog.ee\/ru\/","name":"Kontrolli oma selgroogu","description":"Eestis hukkub igal aastal \u00fcle 20 joobes liikleja. See arv saaks palju v\u00e4iksem olla, kui rohkem inimesi n\u00e4itaks selgroogu ja sekkuks, enne kui hilja.","publisher":{"@id":"https:\/\/selgroog.ee\/ru\/#organization"},"potentialAction":[{"@type":"SearchAction","target":{"@type":"EntryPoint","urlTemplate":"https:\/\/selgroog.ee\/ru\/?s={search_term_string}"},"query-input":"required name=search_term_string"}],"inLanguage":"ru-RU"},{"@type":"Organization","@id":"https:\/\/selgroog.ee\/ru\/#organization","name":"Kontrolli oma selgroogu","url":"https:\/\/selgroog.ee\/ru\/","logo":{"@type":"ImageObject","inLanguage":"ru-RU","@id":"https:\/\/selgroog.ee\/ru\/#\/schema\/logo\/image\/","url":"https:\/\/selgroog.ee\/wp-content\/uploads\/2021\/05\/designHere.png","contentUrl":"https:\/\/selgroog.ee\/wp-content\/uploads\/2021\/05\/designHere.png","width":540,"height":540,"caption":"Kontrolli oma selgroogu"},"image":{"@id":"https:\/\/selgroog.ee\/ru\/#\/schema\/logo\/image\/"}}]}},"_links":{"self":[{"href":"https:\/\/selgroog.ee\/ru\/wp-json\/wp\/v2\/pages\/164","targetHints":{"allow":["GET"]}}],"collection":[{"href":"https:\/\/selgroog.ee\/ru\/wp-json\/wp\/v2\/pages"}],"about":[{"href":"https:\/\/selgroog.ee\/ru\/wp-json\/wp\/v2\/types\/page"}],"author":[{"embeddable":true,"href":"https:\/\/selgroog.ee\/ru\/wp-json\/wp\/v2\/users\/1"}],"replies":[{"embeddable":true,"href":"https:\/\/selgroog.ee\/ru\/wp-json\/wp\/v2\/comments?post=164"}],"version-history":[{"count":13,"href":"https:\/\/selgroog.ee\/ru\/wp-json\/wp\/v2\/pages\/164\/revisions"}],"predecessor-version":[{"id":315,"href":"https:\/\/selgroog.ee\/ru\/wp-json\/wp\/v2\/pages\/164\/revisions\/315"}],"wp:featuredmedia":[{"embeddable":true,"href":"https:\/\/selgroog.ee\/ru\/wp-json\/wp\/v2\/media\/103"}],"wp:attachment":[{"href":"https:\/\/selgroog.ee\/ru\/wp-json\/wp\/v2\/media?parent=164"}],"curies":[{"name":"wp","href":"https:\/\/api.w.org\/{rel}","templated":true}]}}